{"id":621,"date":"2014-08-21T22:57:22","date_gmt":"2014-08-21T20:57:22","guid":{"rendered":"http:\/\/www.sichtverbindung.de\/blog\/?page_id=621"},"modified":"2017-10-24T00:18:25","modified_gmt":"2017-10-23T22:18:25","slug":"wanderungen","status":"publish","type":"page","link":"https:\/\/www.sichtverbindung.de\/blog\/themen\/wanderungen\/","title":{"rendered":"Wanderungen"},"content":{"rendered":"<p><a href=\"http:\/\/www.sichtverbindung.de\/dreiburgenwanderweg\/\"><img loading=\"lazy\" decoding=\"async\" class=\"alignright\" style=\"line-height: 1.5;\" alt=\"http:\/\/www.sichtverbindung.de\/dreiburgenwanderweg\/\" src=\"http:\/\/www.sichtverbindung.de\/dreiburgenwanderweg\/bildergalerie\/Bild01.jpg\" width=\"320\" height=\"240\" \/><\/a><strong><a style=\"font-size: 20px;\" title=\"Drei-Burgen-Wanderweg\" href=\"http:\/\/www.sichtverbindung.de\/dreiburgenwanderweg\/\" target=\"_blank\">Drei-Burgen-Wanderweg<br \/>\n<\/a><\/strong><strong style=\"line-height: 1.5;\">am herrlichen Rand\u00a0 derSchw\u00e4<\/strong><strong style=\"line-height: 1.5;\">bischen Alb.<\/strong><\/p>\n<p>Die Tour geht von der Burg Teck \u00fcber die Ruine Diepoldsburg auf den Felsen Breitenstein und vorbei an der Ruine Hahnenkamm.<\/p>\n<p>F\u00fcr die Bildergalerie und eine genaue Beschreibung der Tour klicken Sie bitte auf das Bild.<\/p>\n<p>&nbsp;<\/p>\n<p><a href=\"http:\/\/www.sichtverbindung.de\/limburg\/\"><img loading=\"lazy\" decoding=\"async\" class=\"alignright\" style=\"line-height: 1.5;\" alt=\"http:\/\/www.sichtverbindung.de\/limburg\/\" src=\"http:\/\/www.sichtverbindung.de\/limburg\/bildergalerie\/Bild04.jpg\" width=\"320\" height=\"240\" \/><\/a><strong><a style=\"font-size: 20px;\" title=\"Wanderung auf die Limburg (Weilheim an der Teck)\" href=\"http:\/\/www.sichtverbindung.de\/limburg\/\" target=\"_blank\">Wanderung auf die Limburg<br \/>\n<\/a><\/strong><strong style=\"line-height: 1.5;\">bei Weilheim an der Teck.<\/strong><\/p>\n<p>Von Weilheim (Parkplatz am Neuen Friedhof) geht es auf den Gipfel der Limburg.\u00a0 Die tolle Aussicht auf den Albtrauf und ein ansprechender gestalteter Obstbau-Lehrpfad runden diese Wanderung ab.<\/p>\n","protected":false},"excerpt":{"rendered":"<p>Drei-Burgen-Wanderweg am herrlichen Rand\u00a0 derSchw\u00e4bischen Alb. Die Tour geht von der Burg Teck \u00fcber die Ruine Diepoldsburg auf den Felsen Breitenstein und vorbei an der Ruine Hahnenkamm. F\u00fcr die Bildergalerie und eine genaue Beschreibung der Tour klicken Sie bitte auf das Bild. &nbsp; Wanderung auf die Limburg bei Weilheim an der Teck. Von Weilheim (Parkplatz &hellip; <a href=\"https:\/\/www.sichtverbindung.de\/blog\/themen\/wanderungen\/\" class=\"more-link\"><span class=\"screen-reader-text\">Wanderungen<\/span> weiterlesen <span class=\"meta-nav\">&rarr;<\/span><\/a><\/p>\n","protected":false},"author":1,"featured_media":0,"parent":162,"menu_order":7,"comment_status":"open","ping_status":"closed","template":"","meta":{"footnotes":""},"_links":{"self":[{"href":"https:\/\/www.sichtverbindung.de\/blog\/wp-json\/wp\/v2\/pages\/621"}],"collection":[{"href":"https:\/\/www.sichtverbindung.de\/blog\/wp-json\/wp\/v2\/pages"}],"about":[{"href":"https:\/\/www.sichtverbindung.de\/blog\/wp-json\/wp\/v2\/types\/page"}],"author":[{"embeddable":true,"href":"https:\/\/www.sichtverbindung.de\/blog\/wp-json\/wp\/v2\/users\/1"}],"replies":[{"embeddable":true,"href":"https:\/\/www.sichtverbindung.de\/blog\/wp-json\/wp\/v2\/comments?post=621"}],"version-history":[{"count":24,"href":"https:\/\/www.sichtverbindung.de\/blog\/wp-json\/wp\/v2\/pages\/621\/revisions"}],"predecessor-version":[{"id":660,"href":"https:\/\/www.sichtverbindung.de\/blog\/wp-json\/wp\/v2\/pages\/621\/revisions\/660"}],"up":[{"embeddable":true,"href":"https:\/\/www.sichtverbindung.de\/blog\/wp-json\/wp\/v2\/pages\/162"}],"wp:attachment":[{"href":"https:\/\/www.sichtverbindung.de\/blog\/wp-json\/wp\/v2\/media?parent=621"}],"curies":[{"name":"wp","href":"https:\/\/api.w.org\/{rel}","templated":true}]}}